{"id":1669,"date":"2022-01-29T19:52:05","date_gmt":"2022-01-29T18:52:05","guid":{"rendered":"https:\/\/www.perecastells.com\/multimedia\/"},"modified":"2022-03-18T11:03:40","modified_gmt":"2022-03-18T10:03:40","slug":"multimedia","status":"publish","type":"page","link":"https:\/\/www.perecastells.com\/es\/multimedia\/","title":{"rendered":"Multim\u00e8dia"},"content":{"rendered":"<p>[et_pb_section fb_built=\u00bb1&#8243; _builder_version=\u00bb4.14.7&#8243; _module_preset=\u00bbdefault\u00bb animation_style=\u00bbfade\u00bb animation_duration=\u00bb2000ms\u00bb global_colors_info=\u00bb{}\u00bb][et_pb_row _builder_version=\u00bb4.14.7&#8243; _module_preset=\u00bbdefault\u00bb global_colors_info=\u00bb{}\u00bb][et_pb_column type=\u00bb4_4&#8243; _builder_version=\u00bb4.14.7&#8243; _module_preset=\u00bbdefault\u00bb global_colors_info=\u00bb{}\u00bb][et_pb_post_title meta=\u00bboff\u00bb featured_image=\u00bboff\u00bb _builder_version=\u00bb4.14.7&#8243; _module_preset=\u00bbdefault\u00bb title_text_color=\u00bb#E09900&#8243; title_font_size=\u00bb4em\u00bb text_orientation=\u00bbright\u00bb title_font_size_tablet=\u00bb4em\u00bb title_font_size_phone=\u00bb3em\u00bb title_font_size_last_edited=\u00bbon|phone\u00bb global_colors_info=\u00bb{}\u00bb][\/et_pb_post_title][et_pb_text _builder_version=\u00bb4.14.9&#8243; _module_preset=\u00bbdefault\u00bb text_font=\u00bbRoboto|300|||||||\u00bb text_font_size=\u00bb1.1em\u00bb hover_enabled=\u00bb0&#8243; global_colors_info=\u00bb{}\u00bb sticky_enabled=\u00bb0&#8243;]<\/p>\n<h1 class=\"p1\">Gestionar la informaci\u00f3n en gastronom\u00eda.<\/h1>\n<h1 class=\"p1\">Todo un reto<\/h1>\n<p>[\/et_pb_text][\/et_pb_column][\/et_pb_row][\/et_pb_section]<\/p>\n","protected":false},"excerpt":{"rendered":"<p>Gestionar la informaci\u00f3n en gastronom\u00eda. Todo un reto<\/p>\n","protected":false},"author":1,"featured_media":0,"parent":0,"menu_order":25,"comment_status":"closed","ping_status":"closed","template":"","meta":{"_et_pb_use_builder":"on","_et_pb_old_content":"","_et_gb_content_width":"","footnotes":""},"class_list":["post-1669","page","type-page","status-publish","hentry"],"yoast_head":"<!-- This site is optimized with the Yoast SEO plugin v25.0 - https:\/\/yoast.com\/wordpress\/plugins\/seo\/ -->\n<title>Multim\u00e8dia - Pere Castells<\/title>\n<meta name=\"robots\" content=\"index, follow, max-snippet:-1, max-image-preview:large, max-video-preview:-1\" \/>\n<link rel=\"canonical\" href=\"https:\/\/www.perecastells.com\/es\/multimedia\/\" \/>\n<meta property=\"og:locale\" content=\"es_ES\" \/>\n<meta property=\"og:type\" content=\"article\" \/>\n<meta property=\"og:title\" content=\"Multim\u00e8dia - Pere Castells\" \/>\n<meta property=\"og:description\" content=\"Gestionar la informaci\u00f3n en gastronom\u00eda. Todo un reto\" \/>\n<meta property=\"og:url\" content=\"https:\/\/www.perecastells.com\/es\/multimedia\/\" \/>\n<meta property=\"og:site_name\" content=\"Pere Castells\" \/>\n<meta property=\"article:modified_time\" content=\"2022-03-18T10:03:40+00:00\" \/>\n<meta name=\"twitter:card\" content=\"summary_large_image\" \/>\n<meta name=\"twitter:site\" content=\"@PereCastells\" \/>\n<meta name=\"twitter:label1\" content=\"Tiempo de lectura\" \/>\n\t<meta name=\"twitter:data1\" content=\"1 minuto\" \/>\n<script type=\"application\/ld+json\" class=\"yoast-schema-graph\">{\"@context\":\"https:\/\/schema.org\",\"@graph\":[{\"@type\":\"WebPage\",\"@id\":\"https:\/\/www.perecastells.com\/es\/multimedia\/\",\"url\":\"https:\/\/www.perecastells.com\/es\/multimedia\/\",\"name\":\"Multim\u00e8dia - Pere Castells\",\"isPartOf\":{\"@id\":\"https:\/\/www.perecastells.com\/es\/#website\"},\"datePublished\":\"2022-01-29T18:52:05+00:00\",\"dateModified\":\"2022-03-18T10:03:40+00:00\",\"breadcrumb\":{\"@id\":\"https:\/\/www.perecastells.com\/es\/multimedia\/#breadcrumb\"},\"inLanguage\":\"es\",\"potentialAction\":[{\"@type\":\"ReadAction\",\"target\":[\"https:\/\/www.perecastells.com\/es\/multimedia\/\"]}]},{\"@type\":\"BreadcrumbList\",\"@id\":\"https:\/\/www.perecastells.com\/es\/multimedia\/#breadcrumb\",\"itemListElement\":[{\"@type\":\"ListItem\",\"position\":1,\"name\":\"Portada\",\"item\":\"https:\/\/www.perecastells.com\/es\/\"},{\"@type\":\"ListItem\",\"position\":2,\"name\":\"Multim\u00e8dia\"}]},{\"@type\":\"WebSite\",\"@id\":\"https:\/\/www.perecastells.com\/es\/#website\",\"url\":\"https:\/\/www.perecastells.com\/es\/\",\"name\":\"Pere Castells\",\"description\":\"Qu\u00edmic Expert en Ciencia i cuina. Col\u2022labora amb Gastrocultura Mediterr\u00e0nia i Gastro-Ventures. Director de Science and Cooking Barcelona\",\"publisher\":{\"@id\":\"https:\/\/www.perecastells.com\/es\/#organization\"},\"potentialAction\":[{\"@type\":\"SearchAction\",\"target\":{\"@type\":\"EntryPoint\",\"urlTemplate\":\"https:\/\/www.perecastells.com\/es\/?s={search_term_string}\"},\"query-input\":{\"@type\":\"PropertyValueSpecification\",\"valueRequired\":true,\"valueName\":\"search_term_string\"}}],\"inLanguage\":\"es\"},{\"@type\":\"Organization\",\"@id\":\"https:\/\/www.perecastells.com\/es\/#organization\",\"name\":\"Pere Castells\",\"url\":\"https:\/\/www.perecastells.com\/es\/\",\"logo\":{\"@type\":\"ImageObject\",\"inLanguage\":\"es\",\"@id\":\"https:\/\/www.perecastells.com\/es\/#\/schema\/logo\/image\/\",\"url\":\"https:\/\/www.perecastells.com\/wp-content\/uploads\/2022\/01\/Login_b1.svg\",\"contentUrl\":\"https:\/\/www.perecastells.com\/wp-content\/uploads\/2022\/01\/Login_b1.svg\",\"width\":1,\"height\":1,\"caption\":\"Pere Castells\"},\"image\":{\"@id\":\"https:\/\/www.perecastells.com\/es\/#\/schema\/logo\/image\/\"},\"sameAs\":[\"https:\/\/x.com\/PereCastells\",\"https:\/\/www.instagram.com\/pere_castells\/\",\"https:\/\/www.instagram.com\/scwcbcn\/\"]}]}<\/script>\n<!-- \/ Yoast SEO plugin. -->","yoast_head_json":{"title":"Multim\u00e8dia - Pere Castells","robots":{"index":"index","follow":"follow","max-snippet":"max-snippet:-1","max-image-preview":"max-image-preview:large","max-video-preview":"max-video-preview:-1"},"canonical":"https:\/\/www.perecastells.com\/es\/multimedia\/","og_locale":"es_ES","og_type":"article","og_title":"Multim\u00e8dia - Pere Castells","og_description":"Gestionar la informaci\u00f3n en gastronom\u00eda. Todo un reto","og_url":"https:\/\/www.perecastells.com\/es\/multimedia\/","og_site_name":"Pere Castells","article_modified_time":"2022-03-18T10:03:40+00:00","twitter_card":"summary_large_image","twitter_site":"@PereCastells","twitter_misc":{"Tiempo de lectura":"1 minuto"},"schema":{"@context":"https:\/\/schema.org","@graph":[{"@type":"WebPage","@id":"https:\/\/www.perecastells.com\/es\/multimedia\/","url":"https:\/\/www.perecastells.com\/es\/multimedia\/","name":"Multim\u00e8dia - Pere Castells","isPartOf":{"@id":"https:\/\/www.perecastells.com\/es\/#website"},"datePublished":"2022-01-29T18:52:05+00:00","dateModified":"2022-03-18T10:03:40+00:00","breadcrumb":{"@id":"https:\/\/www.perecastells.com\/es\/multimedia\/#breadcrumb"},"inLanguage":"es","potentialAction":[{"@type":"ReadAction","target":["https:\/\/www.perecastells.com\/es\/multimedia\/"]}]},{"@type":"BreadcrumbList","@id":"https:\/\/www.perecastells.com\/es\/multimedia\/#breadcrumb","itemListElement":[{"@type":"ListItem","position":1,"name":"Portada","item":"https:\/\/www.perecastells.com\/es\/"},{"@type":"ListItem","position":2,"name":"Multim\u00e8dia"}]},{"@type":"WebSite","@id":"https:\/\/www.perecastells.com\/es\/#website","url":"https:\/\/www.perecastells.com\/es\/","name":"Pere Castells","description":"Qu\u00edmic Expert en Ciencia i cuina. Col\u2022labora amb Gastrocultura Mediterr\u00e0nia i Gastro-Ventures. Director de Science and Cooking Barcelona","publisher":{"@id":"https:\/\/www.perecastells.com\/es\/#organization"},"potentialAction":[{"@type":"SearchAction","target":{"@type":"EntryPoint","urlTemplate":"https:\/\/www.perecastells.com\/es\/?s={search_term_string}"},"query-input":{"@type":"PropertyValueSpecification","valueRequired":true,"valueName":"search_term_string"}}],"inLanguage":"es"},{"@type":"Organization","@id":"https:\/\/www.perecastells.com\/es\/#organization","name":"Pere Castells","url":"https:\/\/www.perecastells.com\/es\/","logo":{"@type":"ImageObject","inLanguage":"es","@id":"https:\/\/www.perecastells.com\/es\/#\/schema\/logo\/image\/","url":"https:\/\/www.perecastells.com\/wp-content\/uploads\/2022\/01\/Login_b1.svg","contentUrl":"https:\/\/www.perecastells.com\/wp-content\/uploads\/2022\/01\/Login_b1.svg","width":1,"height":1,"caption":"Pere Castells"},"image":{"@id":"https:\/\/www.perecastells.com\/es\/#\/schema\/logo\/image\/"},"sameAs":["https:\/\/x.com\/PereCastells","https:\/\/www.instagram.com\/pere_castells\/","https:\/\/www.instagram.com\/scwcbcn\/"]}]}},"acf":[],"_links":{"self":[{"href":"https:\/\/www.perecastells.com\/es\/wp-json\/wp\/v2\/pages\/1669","targetHints":{"allow":["GET"]}}],"collection":[{"href":"https:\/\/www.perecastells.com\/es\/wp-json\/wp\/v2\/pages"}],"about":[{"href":"https:\/\/www.perecastells.com\/es\/wp-json\/wp\/v2\/types\/page"}],"author":[{"embeddable":true,"href":"https:\/\/www.perecastells.com\/es\/wp-json\/wp\/v2\/users\/1"}],"replies":[{"embeddable":true,"href":"https:\/\/www.perecastells.com\/es\/wp-json\/wp\/v2\/comments?post=1669"}],"version-history":[{"count":2,"href":"https:\/\/www.perecastells.com\/es\/wp-json\/wp\/v2\/pages\/1669\/revisions"}],"predecessor-version":[{"id":1673,"href":"https:\/\/www.perecastells.com\/es\/wp-json\/wp\/v2\/pages\/1669\/revisions\/1673"}],"wp:attachment":[{"href":"https:\/\/www.perecastells.com\/es\/wp-json\/wp\/v2\/media?parent=1669"}],"curies":[{"name":"wp","href":"https:\/\/api.w.org\/{rel}","templated":true}]}}